{"id":1385,"date":"2023-07-10T10:03:24","date_gmt":"2023-07-10T08:03:24","guid":{"rendered":"https:\/\/siamp.com\/?page_id=1385"},"modified":"2023-07-10T10:06:18","modified_gmt":"2023-07-10T08:06:18","slug":"%d8%a5%d8%b4%d8%b9%d8%a7%d8%b1-%d9%82%d8%a7%d9%86%d9%88%d9%86%d9%8a","status":"publish","type":"page","link":"https:\/\/egypt.siamp.com\/ar\/%d8%a5%d8%b4%d8%b9%d8%a7%d8%b1-%d9%82%d8%a7%d9%86%d9%88%d9%86%d9%8a\/","title":{"rendered":"\u0625\u0634\u0639\u0627\u0631 \u0642\u0627\u0646\u0648\u0646\u064a"},"content":{"rendered":"\n<p>L\u2019ensemble de ce site Internet (ci-apr\u00e8s le \u00ab Site \u00bb) est r\u00e9gi par les lois et r\u00e9glementations fran\u00e7aises.<\/p>\n\n\n\n<p>Ce Site est d\u00e9tenu et \u00e9dit\u00e9 par SIAMP CEDAP, demeurant au&nbsp;4 quai antoine 1er, 99138 , immatricul\u00e9e au r\u00e9pertoire des entreprises et \u00e9tablissements de l&#8217;INSEE sous le num\u00e9ro&nbsp;402&nbsp;057&nbsp;632&nbsp;00018, agissant en sa qualit\u00e9 de Soci\u00e9t\u00e9 \u00e9trang\u00e8re non immatricul\u00e9e au registre du commerce.<\/p>\n\n\n\n<p><strong>Prestataire assurant l&#8217;h\u00e9bergement du site internet :&nbsp;<\/strong>OVH SAS &#8211; 2 rue Kellermann \u2013 59100 Roubaix \u2013 France<\/p>\n\n\n\n<p><strong>R\u00e9alisation du site par <\/strong>: <a href=\"https:\/\/www.groupecomplus.com\/\" target=\"_blank\" rel=\"noreferrer noopener\">Groupe Complus<\/a>.<\/p>\n\n\n\n<p>En acc\u00e9dant \u00e0 ce Site et aux informations qu\u2019il contient et en les utilisant, vous reconnaissez, par les pr\u00e9sentes, \u00eatre li\u00e9 par l\u2019ensemble des termes du Contrat Utilisateur (ci-apr\u00e8s d\u00e9sign\u00e9 le \u00ab Contrat \u00bb). SIAMP se r\u00e9serve le droit de modifier les termes du Contrat \u00e0 tout moment, sans pr\u00e9avis, et d\u2019informer les utilisateurs de toutes modifications par voie d\u2019affichage sur Internet. Toutes les fois que vous utilisez ce Site, veillez \u00e0 v\u00e9rifier si des modifications ont \u00e9t\u00e9 apport\u00e9es. Ces modifications seront effectives \u00e0 compter de la date de leur notification sur Internet. Le fait que vous continuiez \u00e0 acc\u00e9der au Site et \u00e0 l\u2019utiliser apr\u00e8s avoir \u00e9t\u00e9 inform\u00e9 des modifications vaut acceptation sans r\u00e9serve desdites modifications.<\/p>\n\n\n\n<p>Sch\u00e9mas et visuels des produits : copyright SIAMPS.<br>Illustrations : photos Shutterstock.<\/p>\n","protected":false},"excerpt":{"rendered":"<p>L\u2019ensemble de ce site Internet (ci-apr\u00e8s le \u00ab Site \u00bb) [&hellip;]<\/p>\n","protected":false},"author":2,"featured_media":0,"parent":0,"menu_order":0,"comment_status":"closed","ping_status":"closed","template":"","meta":{"footnotes":""},"acf":[],"yoast_head":"<!-- This site is optimized with the Yoast SEO plugin v21.2 - https:\/\/yoast.com\/wordpress\/plugins\/seo\/ -->\n<title>\u0625\u0634\u0639\u0627\u0631 \u0642\u0627\u0646\u0648\u0646\u064a - SIAMP<\/title>\n<meta name=\"robots\" content=\"index, follow, max-snippet:-1, max-image-preview:large, max-video-preview:-1\" \/>\n<link rel=\"canonical\" href=\"https:\/\/egypt.siamp.com\/ar\/%d8%a5%d8%b4%d8%b9%d8%a7%d8%b1-%d9%82%d8%a7%d9%86%d9%88%d9%86%d9%8a\/\" \/>\n<meta property=\"og:locale\" content=\"ar_AR\" \/>\n<meta property=\"og:type\" content=\"article\" \/>\n<meta property=\"og:title\" content=\"\u0625\u0634\u0639\u0627\u0631 \u0642\u0627\u0646\u0648\u0646\u064a - SIAMP\" \/>\n<meta property=\"og:description\" content=\"L\u2019ensemble de ce site Internet (ci-apr\u00e8s le \u00ab Site \u00bb) [&hellip;]\" \/>\n<meta property=\"og:url\" content=\"https:\/\/egypt.siamp.com\/ar\/%d8%a5%d8%b4%d8%b9%d8%a7%d8%b1-%d9%82%d8%a7%d9%86%d9%88%d9%86%d9%8a\/\" \/>\n<meta property=\"og:site_name\" content=\"SIAMP\" \/>\n<meta property=\"article:modified_time\" content=\"2023-07-10T08:06:18+00:00\" \/>\n<meta name=\"twitter:card\" content=\"summary_large_image\" \/>\n<meta name=\"twitter:label1\" content=\"\u0648\u0642\u062a \u0627\u0644\u0642\u0631\u0627\u0621\u0629 \u0627\u0644\u0645\u064f\u0642\u062f\u0651\u0631\" \/>\n\t<meta name=\"twitter:data1\" content=\"\u062f\u0642\u064a\u0642\u062a\u0627\u0646\" \/>\n<script type=\"application\/ld+json\" class=\"yoast-schema-graph\">{\"@context\":\"https:\/\/schema.org\",\"@graph\":[{\"@type\":\"WebPage\",\"@id\":\"https:\/\/egypt.siamp.com\/ar\/%d8%a5%d8%b4%d8%b9%d8%a7%d8%b1-%d9%82%d8%a7%d9%86%d9%88%d9%86%d9%8a\/\",\"url\":\"https:\/\/egypt.siamp.com\/ar\/%d8%a5%d8%b4%d8%b9%d8%a7%d8%b1-%d9%82%d8%a7%d9%86%d9%88%d9%86%d9%8a\/\",\"name\":\"\u0625\u0634\u0639\u0627\u0631 \u0642\u0627\u0646\u0648\u0646\u064a - SIAMP\",\"isPartOf\":{\"@id\":\"https:\/\/egypt.siamp.com\/ar\/#website\"},\"datePublished\":\"2023-07-10T08:03:24+00:00\",\"dateModified\":\"2023-07-10T08:06:18+00:00\",\"breadcrumb\":{\"@id\":\"https:\/\/egypt.siamp.com\/ar\/%d8%a5%d8%b4%d8%b9%d8%a7%d8%b1-%d9%82%d8%a7%d9%86%d9%88%d9%86%d9%8a\/#breadcrumb\"},\"inLanguage\":\"ar\",\"potentialAction\":[{\"@type\":\"ReadAction\",\"target\":[\"https:\/\/egypt.siamp.com\/ar\/%d8%a5%d8%b4%d8%b9%d8%a7%d8%b1-%d9%82%d8%a7%d9%86%d9%88%d9%86%d9%8a\/\"]}]},{\"@type\":\"BreadcrumbList\",\"@id\":\"https:\/\/egypt.siamp.com\/ar\/%d8%a5%d8%b4%d8%b9%d8%a7%d8%b1-%d9%82%d8%a7%d9%86%d9%88%d9%86%d9%8a\/#breadcrumb\",\"itemListElement\":[{\"@type\":\"ListItem\",\"position\":1,\"name\":\"\u0627\u0644\u0635\u0641\u062d\u0629 \u0627\u0644\u0631\u0626\u064a\u0633\u064a\u0629\",\"item\":\"https:\/\/egypt.siamp.com\/ar\/\"},{\"@type\":\"ListItem\",\"position\":2,\"name\":\"\u0625\u0634\u0639\u0627\u0631 \u0642\u0627\u0646\u0648\u0646\u064a\"}]},{\"@type\":\"WebSite\",\"@id\":\"https:\/\/egypt.siamp.com\/ar\/#website\",\"url\":\"https:\/\/egypt.siamp.com\/ar\/\",\"name\":\"SIAMP\",\"description\":\"Water minded\",\"potentialAction\":[{\"@type\":\"SearchAction\",\"target\":{\"@type\":\"EntryPoint\",\"urlTemplate\":\"https:\/\/egypt.siamp.com\/ar\/?s={search_term_string}\"},\"query-input\":\"required name=search_term_string\"}],\"inLanguage\":\"ar\"}]}<\/script>\n<!-- \/ Yoast SEO plugin. -->","yoast_head_json":{"title":"\u0625\u0634\u0639\u0627\u0631 \u0642\u0627\u0646\u0648\u0646\u064a - SIAMP","robots":{"index":"index","follow":"follow","max-snippet":"max-snippet:-1","max-image-preview":"max-image-preview:large","max-video-preview":"max-video-preview:-1"},"canonical":"https:\/\/egypt.siamp.com\/ar\/%d8%a5%d8%b4%d8%b9%d8%a7%d8%b1-%d9%82%d8%a7%d9%86%d9%88%d9%86%d9%8a\/","og_locale":"ar_AR","og_type":"article","og_title":"\u0625\u0634\u0639\u0627\u0631 \u0642\u0627\u0646\u0648\u0646\u064a - SIAMP","og_description":"L\u2019ensemble de ce site Internet (ci-apr\u00e8s le \u00ab Site \u00bb) [&hellip;]","og_url":"https:\/\/egypt.siamp.com\/ar\/%d8%a5%d8%b4%d8%b9%d8%a7%d8%b1-%d9%82%d8%a7%d9%86%d9%88%d9%86%d9%8a\/","og_site_name":"SIAMP","article_modified_time":"2023-07-10T08:06:18+00:00","twitter_card":"summary_large_image","twitter_misc":{"\u0648\u0642\u062a \u0627\u0644\u0642\u0631\u0627\u0621\u0629 \u0627\u0644\u0645\u064f\u0642\u062f\u0651\u0631":"\u062f\u0642\u064a\u0642\u062a\u0627\u0646"},"schema":{"@context":"https:\/\/schema.org","@graph":[{"@type":"WebPage","@id":"https:\/\/egypt.siamp.com\/ar\/%d8%a5%d8%b4%d8%b9%d8%a7%d8%b1-%d9%82%d8%a7%d9%86%d9%88%d9%86%d9%8a\/","url":"https:\/\/egypt.siamp.com\/ar\/%d8%a5%d8%b4%d8%b9%d8%a7%d8%b1-%d9%82%d8%a7%d9%86%d9%88%d9%86%d9%8a\/","name":"\u0625\u0634\u0639\u0627\u0631 \u0642\u0627\u0646\u0648\u0646\u064a - SIAMP","isPartOf":{"@id":"https:\/\/egypt.siamp.com\/ar\/#website"},"datePublished":"2023-07-10T08:03:24+00:00","dateModified":"2023-07-10T08:06:18+00:00","breadcrumb":{"@id":"https:\/\/egypt.siamp.com\/ar\/%d8%a5%d8%b4%d8%b9%d8%a7%d8%b1-%d9%82%d8%a7%d9%86%d9%88%d9%86%d9%8a\/#breadcrumb"},"inLanguage":"ar","potentialAction":[{"@type":"ReadAction","target":["https:\/\/egypt.siamp.com\/ar\/%d8%a5%d8%b4%d8%b9%d8%a7%d8%b1-%d9%82%d8%a7%d9%86%d9%88%d9%86%d9%8a\/"]}]},{"@type":"BreadcrumbList","@id":"https:\/\/egypt.siamp.com\/ar\/%d8%a5%d8%b4%d8%b9%d8%a7%d8%b1-%d9%82%d8%a7%d9%86%d9%88%d9%86%d9%8a\/#breadcrumb","itemListElement":[{"@type":"ListItem","position":1,"name":"\u0627\u0644\u0635\u0641\u062d\u0629 \u0627\u0644\u0631\u0626\u064a\u0633\u064a\u0629","item":"https:\/\/egypt.siamp.com\/ar\/"},{"@type":"ListItem","position":2,"name":"\u0625\u0634\u0639\u0627\u0631 \u0642\u0627\u0646\u0648\u0646\u064a"}]},{"@type":"WebSite","@id":"https:\/\/egypt.siamp.com\/ar\/#website","url":"https:\/\/egypt.siamp.com\/ar\/","name":"SIAMP","description":"Water minded","potentialAction":[{"@type":"SearchAction","target":{"@type":"EntryPoint","urlTemplate":"https:\/\/egypt.siamp.com\/ar\/?s={search_term_string}"},"query-input":"required name=search_term_string"}],"inLanguage":"ar"}]}},"_links":{"self":[{"href":"https:\/\/egypt.siamp.com\/ar\/wp-json\/wp\/v2\/pages\/1385"}],"collection":[{"href":"https:\/\/egypt.siamp.com\/ar\/wp-json\/wp\/v2\/pages"}],"about":[{"href":"https:\/\/egypt.siamp.com\/ar\/wp-json\/wp\/v2\/types\/page"}],"author":[{"embeddable":true,"href":"https:\/\/egypt.siamp.com\/ar\/wp-json\/wp\/v2\/users\/2"}],"replies":[{"embeddable":true,"href":"https:\/\/egypt.siamp.com\/ar\/wp-json\/wp\/v2\/comments?post=1385"}],"version-history":[{"count":2,"href":"https:\/\/egypt.siamp.com\/ar\/wp-json\/wp\/v2\/pages\/1385\/revisions"}],"predecessor-version":[{"id":1387,"href":"https:\/\/egypt.siamp.com\/ar\/wp-json\/wp\/v2\/pages\/1385\/revisions\/1387"}],"wp:attachment":[{"href":"https:\/\/egypt.siamp.com\/ar\/wp-json\/wp\/v2\/media?parent=1385"}],"curies":[{"name":"wp","href":"https:\/\/api.w.org\/{rel}","templated":true}]}}